{"id":623,"date":"2024-10-04T14:20:32","date_gmt":"2024-10-04T14:20:32","guid":{"rendered":"https:\/\/lyrasystem.com\/?page_id=623"},"modified":"2025-10-15T12:27:07","modified_gmt":"2025-10-15T12:27:07","slug":"lyra","status":"publish","type":"page","link":"https:\/\/lyrasystem.com\/en\/lyra\/","title":{"rendered":"Lyra"},"content":{"rendered":"<div data-elementor-type=\"wp-page\" data-elementor-id=\"623\" class=\"elementor elementor-623\" data-elementor-post-type=\"page\">\n\t\t\t\t<div class=\"elementor-element elementor-element-1157464 e-con-full e-flex e-con e-parent\" data-id=\"1157464\" data-element_type=\"container\" data-e-type=\"container\">\n\t\t<div class=\"elementor-element elementor-element-7a154b4 e-con-full e-flex e-con e-child\" data-id=\"7a154b4\" data-element_type=\"container\" data-e-type=\"container\" data-settings=\"{&quot;background_background&quot;:&quot;classic&quot;}\">\n\t\t\t\t<div class=\"elementor-element elementor-element-aa671b8 elementor-widget elementor-widget-heading\" data-id=\"aa671b8\" data-element_type=\"widget\" data-e-type=\"widget\" data-widget_type=\"heading.default\">\n\t\t\t\t<div class=\"elementor-widget-container\">\n\t\t\t\t\t<h1 class=\"elementor-heading-title elementor-size-default\">Hospitality without limitations<\/h1>\t\t\t\t<\/div>\n\t\t\t\t<\/div>\n\t\t\t\t<div class=\"elementor-element elementor-element-737a274 elementor-widget elementor-widget-heading\" data-id=\"737a274\" data-element_type=\"widget\" data-e-type=\"widget\" data-widget_type=\"heading.default\">\n\t\t\t\t<div class=\"elementor-widget-container\">\n\t\t\t\t\t<h2 class=\"elementor-heading-title elementor-size-default\">We are\n <span style=\"color: #FFC85A\">Lyra<\/span><\/h2>\t\t\t\t<\/div>\n\t\t\t\t<\/div>\n\t\t\t\t<div class=\"elementor-element elementor-element-6a33181 elementor-widget elementor-widget-text-editor\" data-id=\"6a33181\" data-element_type=\"widget\" data-e-type=\"widget\" data-widget_type=\"text-editor.default\">\n\t\t\t\t<div class=\"elementor-widget-container\">\n\t\t\t\t\t\t\t\t\t<p>Lyra is driven by the desire to change. By questioning old routines and 'we've always done it this way', we improve every visit for you and your guests. Our solutions work in the background of your business, but the impact will be impossible to miss.<\/p><p>Our senior team of 25 employees has extensive experience in both software development and the hospitality industry. We are based in three offices located in Stockholm, Gothenburg, and \u00d6stersund.<\/p>\t\t\t\t\t\t\t\t<\/div>\n\t\t\t\t<\/div>\n\t\t\t\t<\/div>\n\t\t\t\t<\/div>\n\t\t\t\t<\/div>","protected":false},"excerpt":{"rendered":"<p>Bes\u00f6ksn\u00e4ring utan gamla begr\u00e4nsningar Vi \u00e4r Lyra Lyra drivs av viljan att f\u00f6r\u00e4ndra. Genom att ifr\u00e5gas\u00e4tta gamla rutiner och \u201dvi har alltid gjort s\u00e5 h\u00e4r\u201d, f\u00f6rb\u00e4ttrar vi varje bes\u00f6k f\u00f6r dig och dina g\u00e4ster. V\u00e5ra l\u00f6sningar arbetar i bakgrunden av din verksamhet, men effekten kommer att vara om\u00f6jlig att missa. V\u00e5rt seniora team med 25 [&hellip;]<\/p>\n","protected":false},"author":1,"featured_media":0,"parent":0,"menu_order":0,"comment_status":"closed","ping_status":"closed","template":"","meta":{"_acf_changed":false,"footnotes":""},"class_list":["post-623","page","type-page","status-publish","hentry"],"acf":[],"_links":{"self":[{"href":"https:\/\/lyrasystem.com\/en\/wp-json\/wp\/v2\/pages\/623","targetHints":{"allow":["GET"]}}],"collection":[{"href":"https:\/\/lyrasystem.com\/en\/wp-json\/wp\/v2\/pages"}],"about":[{"href":"https:\/\/lyrasystem.com\/en\/wp-json\/wp\/v2\/types\/page"}],"author":[{"embeddable":true,"href":"https:\/\/lyrasystem.com\/en\/wp-json\/wp\/v2\/users\/1"}],"replies":[{"embeddable":true,"href":"https:\/\/lyrasystem.com\/en\/wp-json\/wp\/v2\/comments?post=623"}],"version-history":[{"count":62,"href":"https:\/\/lyrasystem.com\/en\/wp-json\/wp\/v2\/pages\/623\/revisions"}],"predecessor-version":[{"id":5173,"href":"https:\/\/lyrasystem.com\/en\/wp-json\/wp\/v2\/pages\/623\/revisions\/5173"}],"wp:attachment":[{"href":"https:\/\/lyrasystem.com\/en\/wp-json\/wp\/v2\/media?parent=623"}],"curies":[{"name":"wp","href":"https:\/\/api.w.org\/{rel}","templated":true}]}}